{"id":734,"date":"2023-03-16T05:25:46","date_gmt":"2023-03-16T05:25:46","guid":{"rendered":"https:\/\/listee-wp.dreamstechnologies.com\/?page_id=734"},"modified":"2025-05-09T13:33:47","modified_gmt":"2025-05-09T11:33:47","slug":"naujienos","status":"publish","type":"page","link":"https:\/\/rubuvalykla.lt\/lt\/naujienos\/","title":{"rendered":"Naujienos"},"content":{"rendered":"","protected":false},"excerpt":{"rendered":"","protected":false},"author":1,"featured_media":0,"parent":0,"menu_order":0,"comment_status":"closed","ping_status":"closed","template":"template-parts\/template-bloglist-fullwidth.php","meta":{"footnotes":""},"class_list":["post-734","page","type-page","status-publish","hentry"],"yoast_head":"<!-- This site is optimized with the Yoast SEO plugin v24.9 - https:\/\/yoast.com\/wordpress\/plugins\/seo\/ -->\n<title>Naujienos - R\u016bbuvalykla<\/title>\n<meta name=\"description\" content=\"Naujausios \u017einios ir patarimai apie valyklas Lietuvoje. Sekite m\u016bs\u0173 blog&#039;\u0105 ir b\u016bkite informuoti apie aktualiausias naujienas\" \/>\n<meta name=\"robots\" content=\"index, follow, max-snippet:-1, max-image-preview:large, max-video-preview:-1\" \/>\n<link rel=\"canonical\" href=\"https:\/\/rubuvalykla.lt\/lt\/naujienos\/\" \/>\n<meta property=\"og:locale\" content=\"lt_LT\" \/>\n<meta property=\"og:type\" content=\"article\" \/>\n<meta property=\"og:title\" content=\"Naujienos - R\u016bbuvalykla\" \/>\n<meta property=\"og:description\" content=\"Naujausios \u017einios ir patarimai apie valyklas Lietuvoje. Sekite m\u016bs\u0173 blog&#039;\u0105 ir b\u016bkite informuoti apie aktualiausias naujienas\" \/>\n<meta property=\"og:url\" content=\"https:\/\/rubuvalykla.lt\/lt\/naujienos\/\" \/>\n<meta property=\"og:site_name\" content=\"R\u016bbuvalykla\" \/>\n<meta property=\"article:modified_time\" content=\"2025-05-09T11:33:47+00:00\" \/>\n<meta name=\"twitter:card\" content=\"summary_large_image\" \/>\n<script type=\"application\/ld+json\" class=\"yoast-schema-graph\">{\"@context\":\"https:\/\/schema.org\",\"@graph\":[{\"@type\":\"WebPage\",\"@id\":\"https:\/\/rubuvalykla.lt\/naujienos\/\",\"url\":\"https:\/\/rubuvalykla.lt\/naujienos\/\",\"name\":\"Naujienos - R\u016bbuvalykla\",\"isPartOf\":{\"@id\":\"https:\/\/rubuvalykla.lt\/#website\"},\"datePublished\":\"2023-03-16T05:25:46+00:00\",\"dateModified\":\"2025-05-09T11:33:47+00:00\",\"description\":\"Naujausios \u017einios ir patarimai apie valyklas Lietuvoje. Sekite m\u016bs\u0173 blog'\u0105 ir b\u016bkite informuoti apie aktualiausias naujienas\",\"breadcrumb\":{\"@id\":\"https:\/\/rubuvalykla.lt\/naujienos\/#breadcrumb\"},\"inLanguage\":\"lt-LT\",\"potentialAction\":[{\"@type\":\"ReadAction\",\"target\":[\"https:\/\/rubuvalykla.lt\/naujienos\/\"]}]},{\"@type\":\"BreadcrumbList\",\"@id\":\"https:\/\/rubuvalykla.lt\/naujienos\/#breadcrumb\",\"itemListElement\":[{\"@type\":\"ListItem\",\"position\":1,\"name\":\"Home\",\"item\":\"https:\/\/rubuvalykla.lt\/\"},{\"@type\":\"ListItem\",\"position\":2,\"name\":\"Naujienos\"}]},{\"@type\":\"WebSite\",\"@id\":\"https:\/\/rubuvalykla.lt\/#website\",\"url\":\"https:\/\/rubuvalykla.lt\/\",\"name\":\"R\u016bbuvalykla\",\"description\":\"R\u016bbu valyklos Lietuvoje\",\"publisher\":{\"@id\":\"https:\/\/rubuvalykla.lt\/#organization\"},\"potentialAction\":[{\"@type\":\"SearchAction\",\"target\":{\"@type\":\"EntryPoint\",\"urlTemplate\":\"https:\/\/rubuvalykla.lt\/?s={search_term_string}\"},\"query-input\":{\"@type\":\"PropertyValueSpecification\",\"valueRequired\":true,\"valueName\":\"search_term_string\"}}],\"inLanguage\":\"lt-LT\"},{\"@type\":\"Organization\",\"@id\":\"https:\/\/rubuvalykla.lt\/#organization\",\"name\":\"R\u016bbuvalykla\",\"url\":\"https:\/\/rubuvalykla.lt\/\",\"logo\":{\"@type\":\"ImageObject\",\"inLanguage\":\"lt-LT\",\"@id\":\"https:\/\/rubuvalykla.lt\/#\/schema\/logo\/image\/\",\"url\":\"https:\/\/rubuvalykla.lt\/wp-content\/uploads\/2025\/03\/Black-Simple-Cleaning-Service-Logo.png\",\"contentUrl\":\"https:\/\/rubuvalykla.lt\/wp-content\/uploads\/2025\/03\/Black-Simple-Cleaning-Service-Logo.png\",\"width\":338,\"height\":47,\"caption\":\"R\u016bbuvalykla\"},\"image\":{\"@id\":\"https:\/\/rubuvalykla.lt\/#\/schema\/logo\/image\/\"}}]}<\/script>\n<!-- \/ Yoast SEO plugin. -->","yoast_head_json":{"title":"Naujienos - R\u016bbuvalykla","description":"Naujausios \u017einios ir patarimai apie valyklas Lietuvoje. Sekite m\u016bs\u0173 blog'\u0105 ir b\u016bkite informuoti apie aktualiausias naujienas","robots":{"index":"index","follow":"follow","max-snippet":"max-snippet:-1","max-image-preview":"max-image-preview:large","max-video-preview":"max-video-preview:-1"},"canonical":"https:\/\/rubuvalykla.lt\/lt\/naujienos\/","og_locale":"lt_LT","og_type":"article","og_title":"Naujienos - R\u016bbuvalykla","og_description":"Naujausios \u017einios ir patarimai apie valyklas Lietuvoje. Sekite m\u016bs\u0173 blog'\u0105 ir b\u016bkite informuoti apie aktualiausias naujienas","og_url":"https:\/\/rubuvalykla.lt\/lt\/naujienos\/","og_site_name":"R\u016bbuvalykla","article_modified_time":"2025-05-09T11:33:47+00:00","twitter_card":"summary_large_image","schema":{"@context":"https:\/\/schema.org","@graph":[{"@type":"WebPage","@id":"https:\/\/rubuvalykla.lt\/naujienos\/","url":"https:\/\/rubuvalykla.lt\/naujienos\/","name":"Naujienos - R\u016bbuvalykla","isPartOf":{"@id":"https:\/\/rubuvalykla.lt\/#website"},"datePublished":"2023-03-16T05:25:46+00:00","dateModified":"2025-05-09T11:33:47+00:00","description":"Naujausios \u017einios ir patarimai apie valyklas Lietuvoje. Sekite m\u016bs\u0173 blog'\u0105 ir b\u016bkite informuoti apie aktualiausias naujienas","breadcrumb":{"@id":"https:\/\/rubuvalykla.lt\/naujienos\/#breadcrumb"},"inLanguage":"lt-LT","potentialAction":[{"@type":"ReadAction","target":["https:\/\/rubuvalykla.lt\/naujienos\/"]}]},{"@type":"BreadcrumbList","@id":"https:\/\/rubuvalykla.lt\/naujienos\/#breadcrumb","itemListElement":[{"@type":"ListItem","position":1,"name":"Home","item":"https:\/\/rubuvalykla.lt\/"},{"@type":"ListItem","position":2,"name":"Naujienos"}]},{"@type":"WebSite","@id":"https:\/\/rubuvalykla.lt\/#website","url":"https:\/\/rubuvalykla.lt\/","name":"R\u016bbuvalykla","description":"R\u016bbu valyklos Lietuvoje","publisher":{"@id":"https:\/\/rubuvalykla.lt\/#organization"},"potentialAction":[{"@type":"SearchAction","target":{"@type":"EntryPoint","urlTemplate":"https:\/\/rubuvalykla.lt\/?s={search_term_string}"},"query-input":{"@type":"PropertyValueSpecification","valueRequired":true,"valueName":"search_term_string"}}],"inLanguage":"lt-LT"},{"@type":"Organization","@id":"https:\/\/rubuvalykla.lt\/#organization","name":"R\u016bbuvalykla","url":"https:\/\/rubuvalykla.lt\/","logo":{"@type":"ImageObject","inLanguage":"lt-LT","@id":"https:\/\/rubuvalykla.lt\/#\/schema\/logo\/image\/","url":"https:\/\/rubuvalykla.lt\/wp-content\/uploads\/2025\/03\/Black-Simple-Cleaning-Service-Logo.png","contentUrl":"https:\/\/rubuvalykla.lt\/wp-content\/uploads\/2025\/03\/Black-Simple-Cleaning-Service-Logo.png","width":338,"height":47,"caption":"R\u016bbuvalykla"},"image":{"@id":"https:\/\/rubuvalykla.lt\/#\/schema\/logo\/image\/"}}]}},"_links":{"self":[{"href":"https:\/\/rubuvalykla.lt\/lt\/wp-json\/wp\/v2\/pages\/734","targetHints":{"allow":["GET"]}}],"collection":[{"href":"https:\/\/rubuvalykla.lt\/lt\/wp-json\/wp\/v2\/pages"}],"about":[{"href":"https:\/\/rubuvalykla.lt\/lt\/wp-json\/wp\/v2\/types\/page"}],"author":[{"embeddable":true,"href":"https:\/\/rubuvalykla.lt\/lt\/wp-json\/wp\/v2\/users\/1"}],"replies":[{"embeddable":true,"href":"https:\/\/rubuvalykla.lt\/lt\/wp-json\/wp\/v2\/comments?post=734"}],"version-history":[{"count":1,"href":"https:\/\/rubuvalykla.lt\/lt\/wp-json\/wp\/v2\/pages\/734\/revisions"}],"predecessor-version":[{"id":2134,"href":"https:\/\/rubuvalykla.lt\/lt\/wp-json\/wp\/v2\/pages\/734\/revisions\/2134"}],"wp:attachment":[{"href":"https:\/\/rubuvalykla.lt\/lt\/wp-json\/wp\/v2\/media?parent=734"}],"curies":[{"name":"wp","href":"https:\/\/api.w.org\/{rel}","templated":true}]}}